{"id":2278,"date":"2023-03-08T16:26:07","date_gmt":"2023-03-08T15:26:07","guid":{"rendered":"https:\/\/erandalab.com\/te-specializuar-ne\/"},"modified":"2023-03-30T16:33:24","modified_gmt":"2023-03-30T14:33:24","slug":"te-specializuar-ne","status":"publish","type":"page","link":"https:\/\/erandalab.com\/sq\/te-specializuar-ne\/","title":{"rendered":"T\u00eb specializuar n\u00eb"},"content":{"rendered":"\t\t<div data-elementor-type=\"wp-page\" data-elementor-id=\"2278\" class=\"elementor elementor-2278 elementor-1877\">\n\t\t\t\t\t\t<section class=\"wd-negative-gap elementor-section elementor-top-section elementor-element elementor-element-1b06e9f elementor-section-boxed elementor-section-height-default elementor-section-height-default wd-section-disabled\" data-id=\"1b06e9f\" data-element_type=\"section\" data-e-type=\"section\">\n\t\t\t\t\t\t<div class=\"elementor-container elementor-column-gap-default\">\n\t\t\t\t\t<div class=\"elementor-column elementor-col-100 elementor-top-column elementor-element elementor-element-3f21db8\" data-id=\"3f21db8\" data-element_type=\"column\" data-e-type=\"column\">\n\t\t\t<div class=\"elementor-widget-wrap elementor-element-populated\">\n\t\t\t\t\t\t<div class=\"elementor-element elementor-element-9bb6487 elementor-widget elementor-widget-wd_title\" data-id=\"9bb6487\" data-element_type=\"widget\" data-e-type=\"widget\" data-widget_type=\"wd_title.default\">\n\t\t\t\t<div class=\"elementor-widget-container\">\n\t\t\t\t\t\t\t<div class=\"title-wrapper set-mb-s reset-last-child wd-title-color-default wd-title-style-default wd-title-size-default text-center\">\n\n\t\t\t\t\t\t\t<div class=\"title-subtitle subtitle-color-default subtitle-style-default wd-fontsize-xs\">\n\t\t\t\t\tCil\u00ebsia p\u00ebr ne \u00ebsht\u00eb e para\t\t\t\t<\/div>\n\t\t\t\n\t\t\t<div class=\"liner-continer\">\n\t\t\t\t<h4 class=\"woodmart-title-container title wd-fontsize-l\">T\u00eb specializuar n\u00eb<\/h4> \n\t\t\t\t\t\t\t<\/div>\n\n\t\t\t\t\t<\/div>\n\t\t\t\t\t\t<\/div>\n\t\t\t\t<\/div>\n\t\t\t\t\t<\/div>\n\t\t<\/div>\n\t\t\t\t\t<\/div>\n\t\t<\/section>\n\t\t\t\t<section class=\"elementor-section elementor-top-section elementor-element elementor-element-d63e638 elementor-section-boxed elementor-section-height-default elementor-section-height-default wd-section-disabled\" data-id=\"d63e638\" data-element_type=\"section\" data-e-type=\"section\" data-settings=\"{&quot;background_background&quot;:&quot;classic&quot;}\">\n\t\t\t\t\t\t<div class=\"elementor-container elementor-column-gap-default\">\n\t\t\t\t\t<div class=\"elementor-column elementor-col-100 elementor-top-column elementor-element elementor-element-0710091\" data-id=\"0710091\" data-element_type=\"column\" data-e-type=\"column\">\n\t\t\t<div class=\"elementor-widget-wrap elementor-element-populated\">\n\t\t\t\t\t\t<div class=\"elementor-element elementor-element-788aa59 color-scheme-inherit text-left elementor-widget elementor-widget-text-editor\" data-id=\"788aa59\" data-element_type=\"widget\" data-e-type=\"widget\" data-widget_type=\"text-editor.default\">\n\t\t\t\t<div class=\"elementor-widget-container\">\n\t\t\t\t\t\t\t\t\t<p>Nd\u00ebrsa \u00ebsht\u00eb e leht\u00eb t\u00eb gjesh shum\u00eb laborator\u00eb p\u00ebr prodhimin e suplementeve tradicionale, \u00ebsht\u00eb v\u00ebrtet e v\u00ebshtir\u00eb t\u00eb gjesh se kush mund t\u00eb prodhoj\u00eb kremra dhe \u00e7okollata funksionale. Jemi n\u00eb gjendje t\u00eb prodhojm\u00eb Cokokrema proteinik me nj\u00eb shije po aq t\u00eb mir\u00eb sa ata tradicionale por \u201cfunksional\u00eb\u201d: pa sheqer, me shum\u00eb apo pak proteina (deri ne 40%), me yndyrna \u201ct\u00eb mira\u201d, me indeks glicemik t\u00eb ul\u00ebt. Tashm\u00eb kemi mbi 10 shije t\u00eb gatshme qe kemi zhvilluar me tekniket tane pasticiere nga Italia. Gjithashtu me disa shije edhe n\u00eb versionin vegan. E nj\u00ebjta gj\u00eb vlen edhe p\u00ebr \u00e7okollatat. Jan\u00eb po aq t\u00eb mira sa \u00e7okollatat m\u00eb t\u00eb mira italiane, zvicerane apo gjermane, por funksionale: Pa sheqer, me permbajtje te larte proteinash, pa sheqer, pa laktoze e pa gluten. Ne gjithashtu mund t\u00eb b\u00ebjm\u00eb muesli proteinike dhe funksionale, por t\u00eb shijshme.<\/p>\n<p>Imazhe te prodhimit tew kremrave dhe cokollatave<\/p>\n\t\t\t\t\t\t\t\t<\/div>\n\t\t\t\t<\/div>\n\t\t\t\t\t<\/div>\n\t\t<\/div>\n\t\t\t\t\t<\/div>\n\t\t<\/section>\n\t\t\t\t<section class=\"elementor-section elementor-top-section elementor-element elementor-element-819af88 elementor-section-boxed elementor-section-height-default elementor-section-height-default wd-section-disabled\" data-id=\"819af88\" data-element_type=\"section\" data-e-type=\"section\">\n\t\t\t\t\t\t<div class=\"elementor-container elementor-column-gap-default\">\n\t\t\t\t\t<div class=\"elementor-column elementor-col-33 elementor-top-column elementor-element elementor-element-91e3bc7\" data-id=\"91e3bc7\" data-element_type=\"column\" data-e-type=\"column\" data-settings=\"{&quot;background_background&quot;:&quot;gradient&quot;}\">\n\t\t\t<div class=\"elementor-widget-wrap elementor-element-populated\">\n\t\t\t\t\t\t<div class=\"elementor-element elementor-element-f55afbc elementor-position-top elementor-widget elementor-widget-image-box\" data-id=\"f55afbc\" data-element_type=\"widget\" data-e-type=\"widget\" data-widget_type=\"image-box.default\">\n\t\t\t\t<div class=\"elementor-widget-container\">\n\t\t\t\t\t<div class=\"elementor-image-box-wrapper\"><figure class=\"elementor-image-box-img\"><img decoding=\"async\" src=\"https:\/\/erandalab.com\/wp-content\/uploads\/2023\/02\/check-1.png\" title=\"\" alt=\"\" loading=\"lazy\" \/><\/figure><div class=\"elementor-image-box-content\"><h3 class=\"elementor-image-box-title\">Formula t\u00eb avancuara<\/h3><p class=\"elementor-image-box-description\">Suplementet tona jan\u00eb formuluar mbi baz\u00ebn e k\u00ebrkimeve shkencore duke i b\u00ebr\u00eb ato t\u2019ju japin rezultate reale.<\/p><\/div><\/div>\t\t\t\t<\/div>\n\t\t\t\t<\/div>\n\t\t\t\t\t<\/div>\n\t\t<\/div>\n\t\t\t\t<div class=\"elementor-column elementor-col-33 elementor-top-column elementor-element elementor-element-83588bc\" data-id=\"83588bc\" data-element_type=\"column\" data-e-type=\"column\" data-settings=\"{&quot;background_background&quot;:&quot;gradient&quot;}\">\n\t\t\t<div class=\"elementor-widget-wrap elementor-element-populated\">\n\t\t\t\t\t\t<div class=\"elementor-element elementor-element-49c69a7 elementor-position-top elementor-widget elementor-widget-image-box\" data-id=\"49c69a7\" data-element_type=\"widget\" data-e-type=\"widget\" data-widget_type=\"image-box.default\">\n\t\t\t\t<div class=\"elementor-widget-container\">\n\t\t\t\t\t<div class=\"elementor-image-box-wrapper\"><figure class=\"elementor-image-box-img\"><img decoding=\"async\" src=\"https:\/\/erandalab.com\/wp-content\/uploads\/2023\/02\/check-1.png\" title=\"\" alt=\"\" loading=\"lazy\" \/><\/figure><div class=\"elementor-image-box-content\"><h3 class=\"elementor-image-box-title\">Certifikatat ISO<\/h3><p class=\"elementor-image-box-description\">Dy certifikimet ISO9001 dhe ISO22000 ju garantojn\u00eb ju q\u00eb ne prodhojm\u00eb me standarte m\u00eb te larta se ato t\u00eb kerkuara nga Ministrit\u00eb e sh\u00ebndetit europian.<\/p><\/div><\/div>\t\t\t\t<\/div>\n\t\t\t\t<\/div>\n\t\t\t\t\t<\/div>\n\t\t<\/div>\n\t\t\t\t<div class=\"elementor-column elementor-col-33 elementor-top-column elementor-element elementor-element-1feab3a\" data-id=\"1feab3a\" data-element_type=\"column\" data-e-type=\"column\" data-settings=\"{&quot;background_background&quot;:&quot;gradient&quot;}\">\n\t\t\t<div class=\"elementor-widget-wrap elementor-element-populated\">\n\t\t\t\t\t\t<div class=\"elementor-element elementor-element-93b8738 elementor-position-top elementor-widget elementor-widget-image-box\" data-id=\"93b8738\" data-element_type=\"widget\" data-e-type=\"widget\" data-widget_type=\"image-box.default\">\n\t\t\t\t<div class=\"elementor-widget-container\">\n\t\t\t\t\t<div class=\"elementor-image-box-wrapper\"><figure class=\"elementor-image-box-img\"><img decoding=\"async\" src=\"https:\/\/erandalab.com\/wp-content\/uploads\/2023\/02\/check-1.png\" title=\"\" alt=\"\" loading=\"lazy\" \/><\/figure><div class=\"elementor-image-box-content\"><h3 class=\"elementor-image-box-title\">\u00c7mimet m\u00eb t\u00eb mira<\/h3><p class=\"elementor-image-box-description\">Ne ofrojm\u00eb \u00e7mimet m\u00eb t\u00eb lira ndonj\u00ebher\u00eb p\u00ebr suplementet dhe n\u00eb t\u00eb nj\u00ebjt\u00ebn koh\u00eb cil\u00ebsin\u00eb e markave m\u00eb t\u00eb mira.<\/p><\/div><\/div>\t\t\t\t<\/div>\n\t\t\t\t<\/div>\n\t\t\t\t\t<\/div>\n\t\t<\/div>\n\t\t\t\t\t<\/div>\n\t\t<\/section>\n\t\t\t\t<\/div>\n\t\t","protected":false},"excerpt":{"rendered":"<p>Cil\u00ebsia p\u00ebr ne \u00ebsht\u00eb e para T\u00eb specializuar n\u00eb Nd\u00ebrsa \u00ebsht\u00eb e leht\u00eb t\u00eb gjesh shum\u00eb laborator\u00eb p\u00ebr prodhimin e<\/p>\n","protected":false},"author":1,"featured_media":0,"parent":0,"menu_order":0,"comment_status":"closed","ping_status":"closed","template":"","meta":{"footnotes":""},"class_list":["post-2278","page","type-page","status-publish","hentry"],"_links":{"self":[{"href":"https:\/\/erandalab.com\/sq\/wp-json\/wp\/v2\/pages\/2278","targetHints":{"allow":["GET"]}}],"collection":[{"href":"https:\/\/erandalab.com\/sq\/wp-json\/wp\/v2\/pages"}],"about":[{"href":"https:\/\/erandalab.com\/sq\/wp-json\/wp\/v2\/types\/page"}],"author":[{"embeddable":true,"href":"https:\/\/erandalab.com\/sq\/wp-json\/wp\/v2\/users\/1"}],"replies":[{"embeddable":true,"href":"https:\/\/erandalab.com\/sq\/wp-json\/wp\/v2\/comments?post=2278"}],"version-history":[{"count":5,"href":"https:\/\/erandalab.com\/sq\/wp-json\/wp\/v2\/pages\/2278\/revisions"}],"predecessor-version":[{"id":2460,"href":"https:\/\/erandalab.com\/sq\/wp-json\/wp\/v2\/pages\/2278\/revisions\/2460"}],"wp:attachment":[{"href":"https:\/\/erandalab.com\/sq\/wp-json\/wp\/v2\/media?parent=2278"}],"curies":[{"name":"wp","href":"https:\/\/api.w.org\/{rel}","templated":true}]}}