{"id":2276,"date":"2023-03-08T16:25:34","date_gmt":"2023-03-08T15:25:34","guid":{"rendered":"https:\/\/erandalab.com\/certifikatat\/"},"modified":"2023-03-30T12:18:21","modified_gmt":"2023-03-30T10:18:21","slug":"certifikatat","status":"publish","type":"page","link":"https:\/\/erandalab.com\/sq\/certifikatat\/","title":{"rendered":"\u00c7ertifikatat"},"content":{"rendered":"\t\t<div data-elementor-type=\"wp-page\" data-elementor-id=\"2276\" class=\"elementor elementor-2276 elementor-1875\">\n\t\t\t\t\t\t<section class=\"elementor-section elementor-top-section elementor-element elementor-element-befd02c elementor-section-boxed elementor-section-height-default elementor-section-height-default wd-section-disabled\" data-id=\"befd02c\" data-element_type=\"section\" data-e-type=\"section\">\n\t\t\t\t\t\t<div class=\"elementor-container elementor-column-gap-default\">\n\t\t\t\t\t<div class=\"elementor-column elementor-col-100 elementor-top-column elementor-element elementor-element-577d0e6\" data-id=\"577d0e6\" data-element_type=\"column\" data-e-type=\"column\">\n\t\t\t<div class=\"elementor-widget-wrap elementor-element-populated\">\n\t\t\t\t\t\t<div class=\"elementor-element elementor-element-7a8d713 elementor-widget elementor-widget-heading\" data-id=\"7a8d713\" data-element_type=\"widget\" data-e-type=\"widget\" data-widget_type=\"heading.default\">\n\t\t\t\t<div class=\"elementor-widget-container\">\n\t\t\t\t\t<h2 class=\"elementor-heading-title elementor-size-default\">\u00c7ERTIFIKATAT<\/h2>\t\t\t\t<\/div>\n\t\t\t\t<\/div>\n\t\t\t\t<div class=\"elementor-element elementor-element-56e2eba text-center color-scheme-inherit elementor-widget elementor-widget-text-editor\" data-id=\"56e2eba\" data-element_type=\"widget\" data-e-type=\"widget\" data-widget_type=\"text-editor.default\">\n\t\t\t\t<div class=\"elementor-widget-container\">\n\t\t\t\t\t\t\t\t\t<p>Eranda Lab \u00ebsht\u00eb nj\u00eb nga laborator\u00ebt e pakte n\u00eb bot\u00eb me 2 certifikata ISO.K\u00ebto organizma certifikimi inspektojn\u00eb vazhdimisht kompanit\u00eb q\u00eb respektojn\u00eb standardet ISO. Certifikatat ISO garantojn\u00eb nj\u00eb standard pune shum\u00eb m\u00eb t\u00eb lart\u00eb se ai q\u00eb k\u00ebrkohet nga ministrit\u00eb evropiane t\u00eb sh\u00ebndet\u00ebsis\u00eb.<\/p>\n\t\t\t\t\t\t\t\t<\/div>\n\t\t\t\t<\/div>\n\t\t\t\t\t<\/div>\n\t\t<\/div>\n\t\t\t\t\t<\/div>\n\t\t<\/section>\n\t\t\t\t<section class=\"elementor-section elementor-top-section elementor-element elementor-element-7afc13d elementor-section-stretched elementor-section-boxed elementor-section-height-default elementor-section-height-default wd-section-disabled\" data-id=\"7afc13d\" data-element_type=\"section\" data-e-type=\"section\" data-settings=\"{&quot;stretch_section&quot;:&quot;section-stretched&quot;}\">\n\t\t\t\t\t\t<div class=\"elementor-container elementor-column-gap-default\">\n\t\t\t\t\t<div class=\"elementor-column elementor-col-33 elementor-top-column elementor-element elementor-element-7c8042c\" data-id=\"7c8042c\" data-element_type=\"column\" data-e-type=\"column\">\n\t\t\t<div class=\"elementor-widget-wrap elementor-element-populated\">\n\t\t\t\t\t\t<div class=\"elementor-element elementor-element-987b021 elementor-position-top elementor-widget elementor-widget-image-box\" data-id=\"987b021\" data-element_type=\"widget\" data-e-type=\"widget\" data-widget_type=\"image-box.default\">\n\t\t\t\t<div class=\"elementor-widget-container\">\n\t\t\t\t\t<div class=\"elementor-image-box-wrapper\"><figure class=\"elementor-image-box-img\"><img fetchpriority=\"high\" decoding=\"async\" width=\"256\" height=\"256\" src=\"https:\/\/erandalab.com\/wp-content\/uploads\/2023\/02\/eranda-lab-certifikimi-iso-22000.png\" class=\"attachment-full size-full wp-image-2052\" alt=\"\" srcset=\"https:\/\/erandalab.com\/wp-content\/uploads\/2023\/02\/eranda-lab-certifikimi-iso-22000.png 256w, https:\/\/erandalab.com\/wp-content\/uploads\/2023\/02\/eranda-lab-certifikimi-iso-22000-150x150.png 150w\" sizes=\"(max-width: 256px) 100vw, 256px\" \/><\/figure><div class=\"elementor-image-box-content\"><h3 class=\"elementor-image-box-title\">ISO 22000: garanton sigurin\u00eb ushqimore.<\/h3><p class=\"elementor-image-box-description\">V\u00ebrteton \"sigurin\u00eb ushqimore\". Kur p\u00ebrdorni produktet tona, jeni t\u00eb sigurt p\u00ebr at\u00eb q\u00eb sillni n\u00eb trupin tuaj. Nj\u00eb garanci q\u00eb vlen shum\u00eb<\/p><\/div><\/div>\t\t\t\t<\/div>\n\t\t\t\t<\/div>\n\t\t\t\t\t<\/div>\n\t\t<\/div>\n\t\t\t\t<div class=\"elementor-column elementor-col-33 elementor-top-column elementor-element elementor-element-88c36b4\" data-id=\"88c36b4\" data-element_type=\"column\" data-e-type=\"column\">\n\t\t\t<div class=\"elementor-widget-wrap elementor-element-populated\">\n\t\t\t\t\t\t<div class=\"elementor-element elementor-element-5d96b1f elementor-position-top elementor-widget elementor-widget-image-box\" data-id=\"5d96b1f\" data-element_type=\"widget\" data-e-type=\"widget\" data-widget_type=\"image-box.default\">\n\t\t\t\t<div class=\"elementor-widget-container\">\n\t\t\t\t\t<div class=\"elementor-image-box-wrapper\"><figure class=\"elementor-image-box-img\"><img decoding=\"async\" width=\"256\" height=\"256\" src=\"https:\/\/erandalab.com\/wp-content\/uploads\/2023\/02\/eranda-lab-certifikimi-iso-9001.png\" class=\"attachment-full size-full wp-image-2049\" alt=\"\" srcset=\"https:\/\/erandalab.com\/wp-content\/uploads\/2023\/02\/eranda-lab-certifikimi-iso-9001.png 256w, https:\/\/erandalab.com\/wp-content\/uploads\/2023\/02\/eranda-lab-certifikimi-iso-9001-150x150.png 150w\" sizes=\"(max-width: 256px) 100vw, 256px\" \/><\/figure><div class=\"elementor-image-box-content\"><h3 class=\"elementor-image-box-title\">ISO Certificate: ISO9001<\/h3><p class=\"elementor-image-box-description\">Cil\u00ebsia e pun\u00ebs son\u00eb \u00ebsht\u00eb e standardit m\u00eb t\u00eb lart\u00eb dhe e garantuar p\u00ebr p\u00ebrfitimin tuaj nga ky certifikim.<\/p><\/div><\/div>\t\t\t\t<\/div>\n\t\t\t\t<\/div>\n\t\t\t\t\t<\/div>\n\t\t<\/div>\n\t\t\t\t<div class=\"elementor-column elementor-col-33 elementor-top-column elementor-element elementor-element-ed8dd5a\" data-id=\"ed8dd5a\" data-element_type=\"column\" data-e-type=\"column\">\n\t\t\t<div class=\"elementor-widget-wrap elementor-element-populated\">\n\t\t\t\t\t\t<div class=\"elementor-element elementor-element-624bc05 elementor-position-top elementor-widget elementor-widget-image-box\" data-id=\"624bc05\" data-element_type=\"widget\" data-e-type=\"widget\" data-widget_type=\"image-box.default\">\n\t\t\t\t<div class=\"elementor-widget-container\">\n\t\t\t\t\t<div class=\"elementor-image-box-wrapper\"><figure class=\"elementor-image-box-img\"><img decoding=\"async\" width=\"256\" height=\"256\" src=\"https:\/\/erandalab.com\/wp-content\/uploads\/2023\/02\/eranda-lab-certifikimi-i-kompanise-me-dashuri-ne-shqiperi.png\" class=\"attachment-full size-full wp-image-2055\" alt=\"\" srcset=\"https:\/\/erandalab.com\/wp-content\/uploads\/2023\/02\/eranda-lab-certifikimi-i-kompanise-me-dashuri-ne-shqiperi.png 256w, https:\/\/erandalab.com\/wp-content\/uploads\/2023\/02\/eranda-lab-certifikimi-i-kompanise-me-dashuri-ne-shqiperi-150x150.png 150w\" sizes=\"(max-width: 256px) 100vw, 256px\" \/><\/figure><div class=\"elementor-image-box-content\"><h3 class=\"elementor-image-box-title\">B\u00ebr\u00eb me dashuri n\u00eb Shqip\u00ebri<\/h3><p class=\"elementor-image-box-description\">Jemi krenar\u00eb q\u00eb prodhojm\u00eb n\u00eb Shqip\u00ebri me standarde europiane. Ne blejm\u00eb l\u00ebnd\u00ebt e para m\u00eb t\u00eb mira n\u00eb t\u00eb gjith\u00eb bot\u00ebn.<\/p><\/div><\/div>\t\t\t\t<\/div>\n\t\t\t\t<\/div>\n\t\t\t\t\t<\/div>\n\t\t<\/div>\n\t\t\t\t\t<\/div>\n\t\t<\/section>\n\t\t\t\t<\/div>\n\t\t","protected":false},"excerpt":{"rendered":"<p>\u00c7ERTIFIKATAT Eranda Lab \u00ebsht\u00eb nj\u00eb nga laborator\u00ebt e pakte n\u00eb bot\u00eb me 2 certifikata ISO.K\u00ebto organizma certifikimi inspektojn\u00eb vazhdimisht kompanit\u00eb<\/p>\n","protected":false},"author":1,"featured_media":0,"parent":0,"menu_order":0,"comment_status":"closed","ping_status":"closed","template":"","meta":{"footnotes":""},"class_list":["post-2276","page","type-page","status-publish","hentry"],"_links":{"self":[{"href":"https:\/\/erandalab.com\/sq\/wp-json\/wp\/v2\/pages\/2276","targetHints":{"allow":["GET"]}}],"collection":[{"href":"https:\/\/erandalab.com\/sq\/wp-json\/wp\/v2\/pages"}],"about":[{"href":"https:\/\/erandalab.com\/sq\/wp-json\/wp\/v2\/types\/page"}],"author":[{"embeddable":true,"href":"https:\/\/erandalab.com\/sq\/wp-json\/wp\/v2\/users\/1"}],"replies":[{"embeddable":true,"href":"https:\/\/erandalab.com\/sq\/wp-json\/wp\/v2\/comments?post=2276"}],"version-history":[{"count":2,"href":"https:\/\/erandalab.com\/sq\/wp-json\/wp\/v2\/pages\/2276\/revisions"}],"predecessor-version":[{"id":2328,"href":"https:\/\/erandalab.com\/sq\/wp-json\/wp\/v2\/pages\/2276\/revisions\/2328"}],"wp:attachment":[{"href":"https:\/\/erandalab.com\/sq\/wp-json\/wp\/v2\/media?parent=2276"}],"curies":[{"name":"wp","href":"https:\/\/api.w.org\/{rel}","templated":true}]}}