{"id":2273,"date":"2023-03-08T16:24:41","date_gmt":"2023-03-08T15:24:41","guid":{"rendered":"https:\/\/erandalab.com\/analizat\/"},"modified":"2023-03-30T16:53:08","modified_gmt":"2023-03-30T14:53:08","slug":"analizat","status":"publish","type":"page","link":"https:\/\/erandalab.com\/sq\/analizat\/","title":{"rendered":"Analizat"},"content":{"rendered":"\t\t<div data-elementor-type=\"wp-page\" data-elementor-id=\"2273\" class=\"elementor elementor-2273 elementor-1873\">\n\t\t\t\t\t\t<section class=\"elementor-section elementor-top-section elementor-element elementor-element-7e04abd elementor-section-boxed elementor-section-height-default elementor-section-height-default wd-section-disabled\" data-id=\"7e04abd\" data-element_type=\"section\" data-e-type=\"section\">\n\t\t\t\t\t\t<div class=\"elementor-container elementor-column-gap-default\">\n\t\t\t\t\t<div class=\"elementor-column elementor-col-100 elementor-top-column elementor-element elementor-element-60e9320\" data-id=\"60e9320\" data-element_type=\"column\" data-e-type=\"column\">\n\t\t\t<div class=\"elementor-widget-wrap elementor-element-populated\">\n\t\t\t\t\t\t<div class=\"elementor-element elementor-element-b21c11a elementor-widget elementor-widget-heading\" data-id=\"b21c11a\" data-element_type=\"widget\" data-e-type=\"widget\" data-widget_type=\"heading.default\">\n\t\t\t\t<div class=\"elementor-widget-container\">\n\t\t\t\t\t<h2 class=\"elementor-heading-title elementor-size-default\">Analizat<\/h2>\t\t\t\t<\/div>\n\t\t\t\t<\/div>\n\t\t\t\t<div class=\"elementor-element elementor-element-9acadc3 color-scheme-inherit text-left elementor-widget elementor-widget-text-editor\" data-id=\"9acadc3\" data-element_type=\"widget\" data-e-type=\"widget\" data-widget_type=\"text-editor.default\">\n\t\t\t\t<div class=\"elementor-widget-container\">\n\t\t\t\t\t\t\t\t\t<p>Ne brendesine e laboratorit tone kryejm\u00eb analizat e m\u00ebposhtme:<\/p>\n\t\t\t\t\t\t\t\t<\/div>\n\t\t\t\t<\/div>\n\t\t\t\t\t<\/div>\n\t\t<\/div>\n\t\t\t\t\t<\/div>\n\t\t<\/section>\n\t\t\t\t<section class=\"wd-negative-gap elementor-section elementor-top-section elementor-element elementor-element-0fe2b49 elementor-section-boxed elementor-section-height-default elementor-section-height-default wd-section-disabled\" data-id=\"0fe2b49\" data-element_type=\"section\" data-e-type=\"section\">\n\t\t\t\t\t\t<div class=\"elementor-container elementor-column-gap-default\">\n\t\t\t\t\t<div class=\"elementor-column elementor-col-50 elementor-top-column elementor-element elementor-element-8ad8729\" data-id=\"8ad8729\" data-element_type=\"column\" data-e-type=\"column\">\n\t\t\t<div class=\"elementor-widget-wrap elementor-element-populated\">\n\t\t\t\t\t\t<div class=\"elementor-element elementor-element-b220d6c elementor-position-top elementor-widget elementor-widget-image-box\" data-id=\"b220d6c\" data-element_type=\"widget\" data-e-type=\"widget\" data-widget_type=\"image-box.default\">\n\t\t\t\t<div class=\"elementor-widget-container\">\n\t\t\t\t\t<div class=\"elementor-image-box-wrapper\"><figure class=\"elementor-image-box-img\"><img decoding=\"async\" src=\"https:\/\/erandalab.com\/wp-content\/uploads\/elementor\/thumbs\/WA-Water-activity-free-water-level-q48dgoi01ezdz4pkvr06njzjwohiwfmnjsyv3iznku.png\" title=\"WA (Water activity, free water level)\" alt=\"WA (Water activity, free water level)\" loading=\"lazy\" \/><\/figure><div class=\"elementor-image-box-content\"><h3 class=\"elementor-image-box-title\">WA (Aktiviteti i ujit, niveli i ujit t\u00eb lire)<\/h3><\/div><\/div>\t\t\t\t<\/div>\n\t\t\t\t<\/div>\n\t\t\t\t<div class=\"elementor-element elementor-element-9a52dee elementor-position-top elementor-widget elementor-widget-image-box\" data-id=\"9a52dee\" data-element_type=\"widget\" data-e-type=\"widget\" data-widget_type=\"image-box.default\">\n\t\t\t\t<div class=\"elementor-widget-container\">\n\t\t\t\t\t<div class=\"elementor-image-box-wrapper\"><figure class=\"elementor-image-box-img\"><img decoding=\"async\" src=\"https:\/\/erandalab.com\/wp-content\/uploads\/elementor\/thumbs\/Strength-q48dibptzz8gakbk9yloin1lbydndd5qry2gbyjuou.png\" title=\"Strength\" alt=\"Strength\" loading=\"lazy\" \/><\/figure><div class=\"elementor-image-box-content\"><h3 class=\"elementor-image-box-title\">Fort\u00ebsia (e tabletave)<\/h3><\/div><\/div>\t\t\t\t<\/div>\n\t\t\t\t<\/div>\n\t\t\t\t<div class=\"elementor-element elementor-element-564e9c9 elementor-position-top elementor-widget elementor-widget-image-box\" data-id=\"564e9c9\" data-element_type=\"widget\" data-e-type=\"widget\" data-widget_type=\"image-box.default\">\n\t\t\t\t<div class=\"elementor-widget-container\">\n\t\t\t\t\t<div class=\"elementor-image-box-wrapper\"><figure class=\"elementor-image-box-img\"><img decoding=\"async\" src=\"https:\/\/erandalab.com\/wp-content\/uploads\/elementor\/thumbs\/ph-balance-q48ddb8tjsdedflpjslb7wl39z36bh9a34t86tzfvi.png\" title=\"ph-balance\" alt=\"ph-balance\" loading=\"lazy\" \/><\/figure><div class=\"elementor-image-box-content\"><h3 class=\"elementor-image-box-title\">PH<\/h3><\/div><\/div>\t\t\t\t<\/div>\n\t\t\t\t<\/div>\n\t\t\t\t<div class=\"elementor-element elementor-element-0622b10 elementor-position-top elementor-widget elementor-widget-image-box\" data-id=\"0622b10\" data-element_type=\"widget\" data-e-type=\"widget\" data-widget_type=\"image-box.default\">\n\t\t\t\t<div class=\"elementor-widget-container\">\n\t\t\t\t\t<div class=\"elementor-image-box-wrapper\"><figure class=\"elementor-image-box-img\"><img decoding=\"async\" src=\"https:\/\/erandalab.com\/wp-content\/uploads\/elementor\/thumbs\/digestive-q48dnmj2jchnremebr2y2sw5x695rx7966i0r4oxlq.png\" title=\"digestive\" alt=\"digestive\" loading=\"lazy\" \/><\/figure><div class=\"elementor-image-box-content\"><h3 class=\"elementor-image-box-title\">Tretja (e kapsulave)<\/h3><\/div><\/div>\t\t\t\t<\/div>\n\t\t\t\t<\/div>\n\t\t\t\t\t<\/div>\n\t\t<\/div>\n\t\t\t\t<div class=\"elementor-column elementor-col-50 elementor-top-column elementor-element elementor-element-6697bb9\" data-id=\"6697bb9\" data-element_type=\"column\" data-e-type=\"column\">\n\t\t\t<div class=\"elementor-widget-wrap elementor-element-populated\">\n\t\t\t\t\t\t<div class=\"elementor-element elementor-element-ba6f9ac elementor-position-top elementor-widget elementor-widget-image-box\" data-id=\"ba6f9ac\" data-element_type=\"widget\" data-e-type=\"widget\" data-widget_type=\"image-box.default\">\n\t\t\t\t<div class=\"elementor-widget-container\">\n\t\t\t\t\t<div class=\"elementor-image-box-wrapper\"><figure class=\"elementor-image-box-img\"><img decoding=\"async\" src=\"https:\/\/erandalab.com\/wp-content\/uploads\/elementor\/thumbs\/Accelerated-aging-q48dauvzpd0g2361vqedpivrfr6o7xiiezhl2tmg4e.png\" title=\"Accelerated-aging\" alt=\"Accelerated-aging\" loading=\"lazy\" \/><\/figure><div class=\"elementor-image-box-content\"><h3 class=\"elementor-image-box-title\">Plakja e p\u00ebrshpejtuar (testi i stabilitetit te produktit)<\/h3><\/div><\/div>\t\t\t\t<\/div>\n\t\t\t\t<\/div>\n\t\t\t\t<div class=\"elementor-element elementor-element-1c5bfc4 elementor-position-top elementor-widget elementor-widget-image-box\" data-id=\"1c5bfc4\" data-element_type=\"widget\" data-e-type=\"widget\" data-widget_type=\"image-box.default\">\n\t\t\t\t<div class=\"elementor-widget-container\">\n\t\t\t\t\t<div class=\"elementor-image-box-wrapper\"><figure class=\"elementor-image-box-img\"><img decoding=\"async\" src=\"https:\/\/erandalab.com\/wp-content\/uploads\/elementor\/thumbs\/digestive-q48dnmj2jchnremebr2y2sw5x695rx7966i0r4oxlq.png\" title=\"digestive\" alt=\"digestive\" loading=\"lazy\" \/><\/figure><div class=\"elementor-image-box-content\"><h3 class=\"elementor-image-box-title\">Tretja (e kapsulave)<\/h3><\/div><\/div>\t\t\t\t<\/div>\n\t\t\t\t<\/div>\n\t\t\t\t<div class=\"elementor-element elementor-element-05467c1 elementor-position-top elementor-widget elementor-widget-image-box\" data-id=\"05467c1\" data-element_type=\"widget\" data-e-type=\"widget\" data-widget_type=\"image-box.default\">\n\t\t\t\t<div class=\"elementor-widget-container\">\n\t\t\t\t\t<div class=\"elementor-image-box-wrapper\"><figure class=\"elementor-image-box-img\"><img decoding=\"async\" src=\"https:\/\/erandalab.com\/wp-content\/uploads\/elementor\/thumbs\/bacterial-q48d6ius6v2uitgp6uyb7m98tsjqq6b2hj6zew1sta.png\" title=\"bacterial\" alt=\"bacterial\" loading=\"lazy\" \/><\/figure><div class=\"elementor-image-box-content\"><h3 class=\"elementor-image-box-title\">Ngarkesa totale bakteriale<\/h3><\/div><\/div>\t\t\t\t<\/div>\n\t\t\t\t<\/div>\n\t\t\t\t<div class=\"elementor-element elementor-element-89a161b elementor-position-top elementor-widget elementor-widget-image-box\" data-id=\"89a161b\" data-element_type=\"widget\" data-e-type=\"widget\" data-widget_type=\"image-box.default\">\n\t\t\t\t<div class=\"elementor-widget-container\">\n\t\t\t\t\t<div class=\"elementor-image-box-wrapper\"><figure class=\"elementor-image-box-img\"><img decoding=\"async\" src=\"https:\/\/erandalab.com\/wp-content\/uploads\/elementor\/thumbs\/Fungus-yeast-mold-q48d9xzn25rerqhu7u6fs96mn9otqivwmgnla4z866.png\" title=\"Fungus-yeast-mold\" alt=\"Fungus-yeast-mold\" loading=\"lazy\" \/><\/figure><div class=\"elementor-image-box-content\"><h3 class=\"elementor-image-box-title\">K\u00ebrpudha, maja, myk<\/h3><\/div><\/div>\t\t\t\t<\/div>\n\t\t\t\t<\/div>\n\t\t\t\t\t<\/div>\n\t\t<\/div>\n\t\t\t\t\t<\/div>\n\t\t<\/section>\n\t\t\t\t<section class=\"wd-negative-gap elementor-section elementor-top-section elementor-element elementor-element-6fa65ea elementor-section-boxed elementor-section-height-default elementor-section-height-default wd-section-disabled\" data-id=\"6fa65ea\" data-element_type=\"section\" data-e-type=\"section\">\n\t\t\t\t\t\t<div class=\"elementor-container elementor-column-gap-default\">\n\t\t\t\t\t<div class=\"elementor-column elementor-col-100 elementor-top-column elementor-element elementor-element-8d75e9d\" data-id=\"8d75e9d\" data-element_type=\"column\" data-e-type=\"column\">\n\t\t\t<div class=\"elementor-widget-wrap elementor-element-populated\">\n\t\t\t\t\t\t<div class=\"elementor-element elementor-element-303ad15 color-scheme-inherit text-left elementor-widget elementor-widget-text-editor\" data-id=\"303ad15\" data-element_type=\"widget\" data-e-type=\"widget\" data-widget_type=\"text-editor.default\">\n\t\t\t\t<div class=\"elementor-widget-container\">\n\t\t\t\t\t\t\t\t\t<p><em><strong>\u00c7do loto prodhimi del me nj\u00eb standard cil\u00ebsie t\u00eb lart\u00eb dhe &#8220;t\u00eb sigurt&#8221; p\u00ebr ju dhe klient\u00ebt tuaj.<\/strong><\/em><\/p>\t\t\t\t\t\t\t\t<\/div>\n\t\t\t\t<\/div>\n\t\t\t\t\t<\/div>\n\t\t<\/div>\n\t\t\t\t\t<\/div>\n\t\t<\/section>\n\t\t\t\t<\/div>\n\t\t","protected":false},"excerpt":{"rendered":"<p>Analizat Ne brendesine e laboratorit tone kryejm\u00eb analizat e m\u00ebposhtme: WA (Aktiviteti i ujit, niveli i ujit t\u00eb lire) Fort\u00ebsia<\/p>\n","protected":false},"author":1,"featured_media":0,"parent":0,"menu_order":0,"comment_status":"closed","ping_status":"closed","template":"","meta":{"footnotes":""},"class_list":["post-2273","page","type-page","status-publish","hentry"],"_links":{"self":[{"href":"https:\/\/erandalab.com\/sq\/wp-json\/wp\/v2\/pages\/2273","targetHints":{"allow":["GET"]}}],"collection":[{"href":"https:\/\/erandalab.com\/sq\/wp-json\/wp\/v2\/pages"}],"about":[{"href":"https:\/\/erandalab.com\/sq\/wp-json\/wp\/v2\/types\/page"}],"author":[{"embeddable":true,"href":"https:\/\/erandalab.com\/sq\/wp-json\/wp\/v2\/users\/1"}],"replies":[{"embeddable":true,"href":"https:\/\/erandalab.com\/sq\/wp-json\/wp\/v2\/comments?post=2273"}],"version-history":[{"count":5,"href":"https:\/\/erandalab.com\/sq\/wp-json\/wp\/v2\/pages\/2273\/revisions"}],"predecessor-version":[{"id":2532,"href":"https:\/\/erandalab.com\/sq\/wp-json\/wp\/v2\/pages\/2273\/revisions\/2532"}],"wp:attachment":[{"href":"https:\/\/erandalab.com\/sq\/wp-json\/wp\/v2\/media?parent=2273"}],"curies":[{"name":"wp","href":"https:\/\/api.w.org\/{rel}","templated":true}]}}