{"id":2264,"date":"2023-03-08T16:19:20","date_gmt":"2023-03-08T15:19:20","guid":{"rendered":"https:\/\/erandalab.com\/kush-jemi-ne\/"},"modified":"2023-03-30T12:19:36","modified_gmt":"2023-03-30T10:19:36","slug":"kush-jemi-ne","status":"publish","type":"page","link":"https:\/\/erandalab.com\/sq\/kush-jemi-ne\/","title":{"rendered":"Kush jemi ne"},"content":{"rendered":"\t\t<div data-elementor-type=\"wp-page\" data-elementor-id=\"2264\" class=\"elementor elementor-2264 elementor-1867\">\n\t\t\t\t\t\t<section class=\"wd-negative-gap elementor-section elementor-top-section elementor-element elementor-element-90c0eee elementor-section-boxed elementor-section-height-default elementor-section-height-default wd-section-disabled\" data-id=\"90c0eee\" data-element_type=\"section\" data-e-type=\"section\">\n\t\t\t\t\t\t<div class=\"elementor-container elementor-column-gap-default\">\n\t\t\t\t\t<div class=\"elementor-column elementor-col-100 elementor-top-column elementor-element elementor-element-db710a7\" data-id=\"db710a7\" data-element_type=\"column\" data-e-type=\"column\">\n\t\t\t<div class=\"elementor-widget-wrap elementor-element-populated\">\n\t\t\t\t\t\t<section class=\"elementor-section elementor-inner-section elementor-element elementor-element-cf51314 elementor-section-boxed elementor-section-height-default elementor-section-height-default wd-section-disabled\" data-id=\"cf51314\" data-element_type=\"section\" data-e-type=\"section\" data-settings=\"{&quot;background_background&quot;:&quot;classic&quot;}\">\n\t\t\t\t\t\t\t<div class=\"elementor-background-overlay\"><\/div>\n\t\t\t\t\t\t\t<div class=\"elementor-container elementor-column-gap-default\">\n\t\t\t\t\t<div class=\"elementor-column elementor-col-100 elementor-inner-column elementor-element elementor-element-87d919f\" data-id=\"87d919f\" data-element_type=\"column\" data-e-type=\"column\">\n\t\t\t<div class=\"elementor-widget-wrap elementor-element-populated\">\n\t\t\t\t\t\t<div class=\"elementor-element elementor-element-01f3c4e elementor-widget elementor-widget-image\" data-id=\"01f3c4e\" data-element_type=\"widget\" data-e-type=\"widget\" data-widget_type=\"image.default\">\n\t\t\t\t<div class=\"elementor-widget-container\">\n\t\t\t\t\t\t\t\t\t\t\t\t\t\t\t<img fetchpriority=\"high\" decoding=\"async\" width=\"1290\" height=\"860\" src=\"https:\/\/erandalab.com\/wp-content\/uploads\/2023\/03\/erandalab.png\" class=\"attachment-full size-full wp-image-2160\" alt=\"\" srcset=\"https:\/\/erandalab.com\/wp-content\/uploads\/2023\/03\/erandalab.png 1290w, https:\/\/erandalab.com\/wp-content\/uploads\/2023\/03\/erandalab-300x200.png 300w, https:\/\/erandalab.com\/wp-content\/uploads\/2023\/03\/erandalab-1024x683.png 1024w, https:\/\/erandalab.com\/wp-content\/uploads\/2023\/03\/erandalab-768x512.png 768w, https:\/\/erandalab.com\/wp-content\/uploads\/2023\/03\/erandalab-600x400.png 600w, https:\/\/erandalab.com\/wp-content\/uploads\/2023\/03\/erandalab-150x100.png 150w\" sizes=\"(max-width: 1290px) 100vw, 1290px\" \/>\t\t\t\t\t\t\t\t\t\t\t\t\t\t\t<\/div>\n\t\t\t\t<\/div>\n\t\t\t\t\t<\/div>\n\t\t<\/div>\n\t\t\t\t\t<\/div>\n\t\t<\/section>\n\t\t\t\t\t<\/div>\n\t\t<\/div>\n\t\t\t\t\t<\/div>\n\t\t<\/section>\n\t\t\t\t<section class=\"elementor-section elementor-top-section elementor-element elementor-element-9e66d2b elementor-section-content-top elementor-section-boxed elementor-section-height-default elementor-section-height-default wd-section-disabled\" data-id=\"9e66d2b\" data-element_type=\"section\" data-e-type=\"section\">\n\t\t\t\t\t\t<div class=\"elementor-container elementor-column-gap-default\">\n\t\t\t\t\t<div class=\"elementor-column elementor-col-50 elementor-top-column elementor-element elementor-element-300cbd0\" data-id=\"300cbd0\" data-element_type=\"column\" data-e-type=\"column\">\n\t\t\t<div class=\"elementor-widget-wrap elementor-element-populated\">\n\t\t\t\t\t\t<div class=\"elementor-element elementor-element-c7c84ff elementor-widget elementor-widget-heading\" data-id=\"c7c84ff\" data-element_type=\"widget\" data-e-type=\"widget\" data-widget_type=\"heading.default\">\n\t\t\t\t<div class=\"elementor-widget-container\">\n\t\t\t\t\t<h2 class=\"elementor-heading-title elementor-size-default\">Kush jemi ne<\/h2>\t\t\t\t<\/div>\n\t\t\t\t<\/div>\n\t\t\t\t<div class=\"elementor-element elementor-element-658e1c4 color-scheme-inherit text-left elementor-widget elementor-widget-text-editor\" data-id=\"658e1c4\" data-element_type=\"widget\" data-e-type=\"widget\" data-widget_type=\"text-editor.default\">\n\t\t\t\t<div class=\"elementor-widget-container\">\n\t\t\t\t\t\t\t\t\t<p>Ne jemi nj\u00eb laborator prodhimi 100% shqiptar, me qend\u00ebr n\u00eb Tiran\u00eb (themeluar n\u00eb 2011), por me nj\u00eb filial tregtar ne Itali. Mund t\u00eb shesim direkt nga Shqip\u00ebria ose Italia (n\u00ebse k\u00ebrkohet nga vendet an\u00ebtare t\u00eb BE-s\u00eb).<\/p>\n\t\t\t\t\t\t\t\t<\/div>\n\t\t\t\t<\/div>\n\t\t\t\t\t<\/div>\n\t\t<\/div>\n\t\t\t\t<div class=\"elementor-column elementor-col-50 elementor-top-column elementor-element elementor-element-9bf1a09\" data-id=\"9bf1a09\" data-element_type=\"column\" data-e-type=\"column\">\n\t\t\t<div class=\"elementor-widget-wrap elementor-element-populated\">\n\t\t\t\t\t\t<div class=\"elementor-element elementor-element-01420fe elementor-widget elementor-widget-heading\" data-id=\"01420fe\" data-element_type=\"widget\" data-e-type=\"widget\" data-widget_type=\"heading.default\">\n\t\t\t\t<div class=\"elementor-widget-container\">\n\t\t\t\t\t<h2 class=\"elementor-heading-title elementor-size-default\">Cil\u00ebsia<\/h2>\t\t\t\t<\/div>\n\t\t\t\t<\/div>\n\t\t\t\t<div class=\"elementor-element elementor-element-14a1811 color-scheme-inherit text-left elementor-widget elementor-widget-text-editor\" data-id=\"14a1811\" data-element_type=\"widget\" data-e-type=\"widget\" data-widget_type=\"text-editor.default\">\n\t\t\t\t<div class=\"elementor-widget-container\">\n\t\t\t\t\t\t\t\t\t<p>Standardi yn\u00eb i prodhimit \u00ebsht\u00eb shum\u00eb i lart\u00eb. Ne jemi n\u00eb fakt nj\u00eb nga laborator\u00ebt e rrall\u00eb me 2 certifikata ISO (cil\u00ebsia e pun\u00ebs dhe siguria ushqimore) q\u00eb na detyrojn\u00eb t\u00eb punojm\u00eb me standarde shum\u00eb m\u00eb t\u00eb larta se ato q\u00eb k\u00ebrkohen nga Ministrit\u00eb Evropiane t\u00eb Sh\u00ebndet\u00ebsis\u00eb<\/p>\n\t\t\t\t\t\t\t\t<\/div>\n\t\t\t\t<\/div>\n\t\t\t\t\t<\/div>\n\t\t<\/div>\n\t\t\t\t\t<\/div>\n\t\t<\/section>\n\t\t\t\t<section class=\"wd-negative-gap elementor-section elementor-top-section elementor-element elementor-element-a8507b1 elementor-hidden-mobile elementor-section-boxed elementor-section-height-default elementor-section-height-default wd-section-disabled\" data-id=\"a8507b1\" data-element_type=\"section\" data-e-type=\"section\">\n\t\t\t\t\t\t<div class=\"elementor-container elementor-column-gap-default\">\n\t\t\t\t\t<div class=\"elementor-column elementor-col-100 elementor-top-column elementor-element elementor-element-162c723\" data-id=\"162c723\" data-element_type=\"column\" data-e-type=\"column\">\n\t\t\t<div class=\"elementor-widget-wrap elementor-element-populated\">\n\t\t\t\t\t\t<div class=\"elementor-element elementor-element-33aca1f elementor-widget-divider--view-line elementor-widget elementor-widget-divider\" data-id=\"33aca1f\" data-element_type=\"widget\" data-e-type=\"widget\" data-widget_type=\"divider.default\">\n\t\t\t\t<div class=\"elementor-widget-container\">\n\t\t\t\t\t\t\t<div class=\"elementor-divider\">\n\t\t\t<span class=\"elementor-divider-separator\">\n\t\t\t\t\t\t<\/span>\n\t\t<\/div>\n\t\t\t\t\t\t<\/div>\n\t\t\t\t<\/div>\n\t\t\t\t\t<\/div>\n\t\t<\/div>\n\t\t\t\t\t<\/div>\n\t\t<\/section>\n\t\t\t\t<\/div>\n\t\t","protected":false},"excerpt":{"rendered":"<p>Kush jemi ne Ne jemi nj\u00eb laborator prodhimi 100% shqiptar, me qend\u00ebr n\u00eb Tiran\u00eb (themeluar n\u00eb 2011), por me nj\u00eb<\/p>\n","protected":false},"author":1,"featured_media":0,"parent":0,"menu_order":0,"comment_status":"closed","ping_status":"closed","template":"","meta":{"footnotes":""},"class_list":["post-2264","page","type-page","status-publish","hentry"],"_links":{"self":[{"href":"https:\/\/erandalab.com\/sq\/wp-json\/wp\/v2\/pages\/2264","targetHints":{"allow":["GET"]}}],"collection":[{"href":"https:\/\/erandalab.com\/sq\/wp-json\/wp\/v2\/pages"}],"about":[{"href":"https:\/\/erandalab.com\/sq\/wp-json\/wp\/v2\/types\/page"}],"author":[{"embeddable":true,"href":"https:\/\/erandalab.com\/sq\/wp-json\/wp\/v2\/users\/1"}],"replies":[{"embeddable":true,"href":"https:\/\/erandalab.com\/sq\/wp-json\/wp\/v2\/comments?post=2264"}],"version-history":[{"count":4,"href":"https:\/\/erandalab.com\/sq\/wp-json\/wp\/v2\/pages\/2264\/revisions"}],"predecessor-version":[{"id":2331,"href":"https:\/\/erandalab.com\/sq\/wp-json\/wp\/v2\/pages\/2264\/revisions\/2331"}],"wp:attachment":[{"href":"https:\/\/erandalab.com\/sq\/wp-json\/wp\/v2\/media?parent=2264"}],"curies":[{"name":"wp","href":"https:\/\/api.w.org\/{rel}","templated":true}]}}